{"id":3243,"date":"2024-07-29T10:20:28","date_gmt":"2024-07-29T08:20:28","guid":{"rendered":"https:\/\/trustlab.upct.es\/politica-cookies\/"},"modified":"2025-09-19T11:03:24","modified_gmt":"2025-09-19T09:03:24","slug":"cookie-policy","status":"publish","type":"page","link":"https:\/\/trustlab.upct.es\/en\/cookie-policy\/","title":{"rendered":"Cookie policy"},"content":{"rendered":"\t\t<div data-elementor-type=\"wp-page\" data-elementor-id=\"3243\" class=\"elementor elementor-3243 elementor-424\" data-elementor-post-type=\"page\">\n\t\t\t\t<div class=\"elementor-element elementor-element-f806cdb e-flex e-con-boxed rael-particle-no qodef-elementor-content-no e-con e-parent\" data-id=\"f806cdb\" data-element_type=\"container\" data-e-type=\"container\" data-settings=\"{&quot;rae_animations_entrance&quot;:&quot;none&quot;}\">\n\t\t\t\t\t<div class=\"e-con-inner\">\n\t\t\t\t<div class=\"elementor-element elementor-element-aa02abf elementor-widget elementor-widget-heading\" data-id=\"aa02abf\" data-element_type=\"widget\" data-e-type=\"widget\" data-widget_type=\"heading.default\">\n\t\t\t\t<div class=\"elementor-widget-container\">\n\t\t\t\t\t<h1 class=\"elementor-heading-title elementor-size-default\">Pol\u00edtica de cookies<\/h1>\t\t\t\t<\/div>\n\t\t\t\t<\/div>\n\t\t\t\t\t<\/div>\n\t\t\t\t<\/div>\n\t\t<div class=\"elementor-element elementor-element-6fc2be0 e-flex e-con-boxed rael-particle-no qodef-elementor-content-no e-con e-parent\" data-id=\"6fc2be0\" data-element_type=\"container\" data-e-type=\"container\" data-settings=\"{&quot;rae_animations_entrance&quot;:&quot;none&quot;}\">\n\t\t\t\t\t<div class=\"e-con-inner\">\n\t\t\t\t<div class=\"elementor-element elementor-element-c79cbdb elementor-widget elementor-widget-text-editor\" data-id=\"c79cbdb\" data-element_type=\"widget\" data-e-type=\"widget\" data-widget_type=\"text-editor.default\">\n\t\t\t\t<div class=\"elementor-widget-container\">\n\t\t\t\t\t\t\t\t\t<h4>\u00bfQu\u00e9 son las cookies?<\/h4><p>Las cookies son peque\u00f1os ficheros de texto, los cuales son insertados de forma autom\u00e1tica en aquellos dispositivos telem\u00e1ticos empleados por el usuario cuando efect\u00faa una visita al sitio web. Estos archivos que se descargan pueden almacenar datos que podr\u00e1n ser actualizados y recuperados por la entidad responsable de su instalaci\u00f3n. Estos archivos permiten conocer, con fines estad\u00edsticos, de mejora del servicio y adaptaci\u00f3n de \u00e9ste a sus preferencias, cu\u00e1l es su comportamiento al navegar por la web. Las cookies se asocian \u00fanicamente a su navegador y no proporcionan por s\u00ed mismas datos personales. Las cookies no pueden da\u00f1ar su dispositivo y adem\u00e1s son muy \u00fatiles, ya que ayudan a identificar y resolver errores.<\/p><h4>Tipos de cookies<\/h4><p>Este sitio Web utiliza las siguientes cookies:<\/p><p><strong>Tipos de cookies seg\u00fan la entidad que las gestiona:<\/strong><\/p><ul><li><strong>Cookies propias:<\/strong> Son aquellas establecidas por el sitio web visitado por el usuario. Los datos que se recopilan mediante estas cookies se utilizan para fines como el c\u00e1lculo de p\u00e1ginas vistas, sesiones y n\u00famero de usuarios.<\/li><\/ul><p><strong>Tipos de cookies seg\u00fan su finalidad:<\/strong><\/p><ul><li><strong>Cookies t\u00e9cnicas\/necesarias:<\/strong> Son aquellas que permiten al usuario realizar las funciones b\u00e1sicas como la navegaci\u00f3n en la p\u00e1gina y el acceso a \u00e1reas seguras de la p\u00e1gina web. La p\u00e1gina web no puede funcionar adecuadamente sin estas cookies, por lo que su instalaci\u00f3n es obligatoria.<\/li><li><strong>Cookies de an\u00e1lisis:<\/strong> Son aquellas que bien tratadas por nosotros o por terceros, nos permiten cuantificar el n\u00famero de usuarios y as\u00ed realizar la medici\u00f3n y an\u00e1lisis estad\u00edstico de la utilizaci\u00f3n que hacen los usuarios del servicio ofertado. Para ello se analiza su navegaci\u00f3n en nuestra p\u00e1gina web con el fin de mejorar la oferta de productos o servicios que le ofrecemos.<\/li><li><strong>Cookies de personalizaci\u00f3n:<\/strong> Son aquellas que permiten al usuario acceder al servicio con algunas caracter\u00edsticas de car\u00e1cter general predefinidas en funci\u00f3n de una serie de criterios en el terminal del usuario como por ejemplo serian el idioma o el tipo de navegador a trav\u00e9s del cual se conecta al servicio.<\/li><li><strong>Cookies publicitarias:<\/strong> Son aquellas que, bien tratadas por esta web o por terceros, permiten gestionar de la forma m\u00e1s eficaz posible la oferta de los espacios publicitarios que hay en la p\u00e1gina web, adecuando el contenido del anuncio al contenido del servicio solicitado o al uso que realice de nuestra p\u00e1gina web. Para ello podemos analizar sus h\u00e1bitos de navegaci\u00f3n en Internet y podemos mostrarle publicidad relacionada con su perfil de navegaci\u00f3n.<\/li><li><strong>Cookies de publicidad comportamental:<\/strong> Son aquellas que permiten la gesti\u00f3n, de la forma m\u00e1s eficaz posible, de los espacios publicitarios que, en su caso, el editor haya incluido en una p\u00e1gina web, aplicaci\u00f3n o plataforma desde la que presta el servicio solicitado. Este tipo de cookies almacenan informaci\u00f3n del comportamiento de los visitantes obtenida a trav\u00e9s de la observaci\u00f3n continuada de sus h\u00e1bitos de navegaci\u00f3n, lo que permite desarrollar un perfil espec\u00edfico para mostrar avisos publicitarios en funci\u00f3n del mismo.<\/li><\/ul><h4>\u00bfQu\u00e9 cookies usa la UPCT?<\/h4><p>A continuaci\u00f3n, se muestra un cuadro resumen de las cookies instaladas en nuestro Sitio Web:<\/p><div class=\"table-responsive\"><table class=\"table table-bordered\"><thead><tr><th>Nombre<\/th><th>Finalidad<\/th><th>Proveedor<\/th><th>Duraci\u00f3n<\/th><\/tr><\/thead><tbody><tr class=\"info\"><td>AEC<\/td><td>Comprobar que las solicitudes que se hacen durante la sesi\u00f3n de navegaci\u00f3n proceden del usuario y no de otros sitios<\/td><td>Terceros (Google)<\/td><td>6 meses<\/td><\/tr><tr><td>NID<\/td><td>Se utiliza para mostrar anuncios de Google en los servicios de Google a usuarios que no tengan la sesi\u00f3n iniciada<\/td><td>Terceros (Google)<\/td><td>6 meses<\/td><\/tr><tr class=\"info\"><td>XSFR-TOKEN<\/td><td>Controlar que todos los env\u00edos de formularios son realizados por el usuario actualmente en sesi\u00f3n, evitando ataques CSRF<\/td><td>Propia<\/td><td>2 horas<\/td><\/tr><tr><td>upct_session<\/td><td>Guarda datos de la sesi\u00f3n iniciada por el usuario<\/td><td>Propia<\/td><td>2 horas<\/td><\/tr><tr class=\"info\"><td>UqZBpD3n3nueRVQRvAbxo26eWbQQ58MYUYGU<\/td><td>Guarda Informaci\u00f3n de validaci\u00f3n de usuario para acceder a ciertos servicios autenticados de la web<\/td><td>Propia<\/td><td>\u00a0<\/td><\/tr><tr><td>__Secure-ENID<\/td><td>Esta cookie se utiliza para recordar sus preferencias y otra informaci\u00f3n, como su idioma preferido, cu\u00e1ntos resultados prefiere mostrar en una p\u00e1gina de resultados de b\u00fasqueda y si desea que se active el filtro SafeSearch de Google<\/td><td>Terceros (Google)<\/td><td>1 a\u00f1o<\/td><\/tr><tr class=\"info\"><td>SOCS<\/td><td>Almacenar el estado de un usuario con respecto a sus opciones de cookies<\/td><td>Terceros (Google)<\/td><td>2 a\u00f1os<\/td><\/tr><tr><td>CONSENT<\/td><td>Almacenar el estado de un usuario respecto a sus elecciones de cookies<\/td><td>Terceros (Youtube)<\/td><td>2 a\u00f1os<\/td><\/tr><tr class=\"info\"><td>cookieconsent_status<\/td><td>Se utiliza para ver si el usuario ha aceptado la pol\u00edtica de cookies de la UPCT<\/td><td>Propia<\/td><td>\u00a0<\/td><\/tr><tr><td>PHPSESSID<\/td><td>Permite a los sitios web almacenar datos de estado serializados<\/td><td>Propia<\/td><td>Al finalizar la sesi\u00f3n<\/td><\/tr><tr class=\"info\"><td>CASAuth<\/td><td>Referida la validaci\u00f3n de usuarios para poder acceder a ciertas zonas de la web<\/td><td>Propia<\/td><td>2 horas<\/td><\/tr><tr><td>YSC<\/td><td>Utilizada por youtube para controlar las visitas a videos embebidos<\/td><td>Terceros (Youtube)<\/td><td>Sesi\u00f3n<\/td><\/tr><tr class=\"info\"><td>VISITOR_INFO1_LIVE<\/td><td>Seg\u00fan el ancho de banda del usuario Youtube determina que versi\u00f3n del reproductor mostrar<\/td><td>Terceros (Youtube)<\/td><td>5 meses<\/td><\/tr><tr><td>_ga_*<\/td><td>Google Analytics la usa para contar el n\u00famero de visitas a las p\u00e1ginas web<\/td><td>Propia<\/td><td>12 meses<\/td><\/tr><tr class=\"info\"><td>_ga<\/td><td>Google Analytics la usa para recoger de forma an\u00f3nima datos sobre la navegaci\u00f3n en el sito web<\/td><td>Propia<\/td><td>12 meses<\/td><\/tr><tr><td>yt-remote-device-id<\/td><td>Youtube la utiliza para guardar las preferencias del usuario a la hora de mostrar videos embebidos<\/td><td>Youtube.com<\/td><td>\u00a0<\/td><\/tr><tr class=\"info\"><td>yt.innertube::requests<\/td><td>Youtube la utiliza para guardar las referencias a videos que han sido vistos<\/td><td>Youtube.com<\/td><td>\u00a0<\/td><\/tr><tr><td>yt.innertube::nextId<\/td><td>Youtube la utiliza para guardar las referencias a videos que han sido vistos<\/td><td>Youtube.com<\/td><td>\u00a0<\/td><\/tr><tr class=\"info\"><td>yt-remote-connected-devices<\/td><td>Youtube la utiliza para guardar las preferencias del usuario a la hora de mostrar videos embebidos<\/td><td>Youtube.com<\/td><td>\u00a0<\/td><\/tr><!--<\/p>\n<tr class=\"\">\n<td>__utma<\/td>\n<td>Se usa para distinguir usuarios y sesiones. La cookie se crea cuando se ejecuta la biblioteca<br \/>\n                  JavaScript y no hay ninguna cookie __utma. La cookie se actualiza cada vez que se env\u00edan datos a<br \/>\n                Google Analytics <\/td>\n<td>Terceros (Google)<\/td>\n<td>Dos a\u00f1os a partir de la configuraci\u00f3n o actualizaci\u00f3n <\/td>\n<\/tr>\n<tr class=\"\">\n<td>__utmt<\/td>\n<td>Se usa para limitar el porcentaje de solicitudes.<\/td>\n<td>Terceros (Google)<\/td>\n<td>10 minutos <\/td>\n<\/tr>\n<tr class=\"info\">\n<td>__utmb<\/td>\n<td>Se usa para distinguir usuarios y sesiones. La cookie se crea cuando se ejecuta la biblioteca<br \/>\n                  JavaScript y no hay ninguna cookie __utmb. La cookie se actualiza cada vez que se env\u00edan datos a<br \/>\n                  Google Analytics <\/td>\n<td>Terceros (Google)<\/td>\n<td>30 minutos a partir de la configuraci\u00f3n o actualizaci\u00f3n <\/td>\n<\/tr>\n<tr class=\"\">\n<td>__utmc<\/td>\n<td>No se usa en ga.js. Se configura para interactuar con urchin.js. Anteriormente, esta cookie actuaba<br \/>\n                  junto con la cookie __utmb para determinar si el usuario estaba en una nueva sesi\u00f3n o visita. <\/td>\n<td>Terceros (Google)<\/td>\n<td>Fin de la sesi\u00f3n del navegador <\/td>\n<\/tr>\n<tr class=\"info\">\n<td>__utmz<\/td>\n<td>Almacena la fuente de tr\u00e1fico o la campa\u00f1a que explica c\u00f3mo ha llegado el usuario al sitio. La<br \/>\n                  cookie se crea cuando se ejecuta la biblioteca JavaScript y se actualiza cada vez que se env\u00edan datos<br \/>\n                  a Google Analytics. <\/td>\n<td>Terceros (Google)<\/td>\n<td>Seis meses a partir de la configuraci\u00f3n o actualizaci\u00f3n <\/td>\n<\/tr>\n<tr class=\"\">\n<td>__utmv<\/td>\n<td>Se usa para almacenar datos de variables personalizadas de visitante. Esta cookie se crea cuando un<br \/>\n                  programador usa el m\u00e9todo _setCustomVar con una variable personalizada de visitante. Tambi\u00e9n se usaba<br \/>\n                  para el m\u00e9todo _setVar retirado. La cookie se actualiza cada vez que se env\u00edan datos a Google<br \/>\n                  Analytics. <\/td>\n<td>Terceros (Google)<\/td>\n<td>Dos a\u00f1os a partir de la configuraci\u00f3n o actualizaci\u00f3n <\/td>\n<\/tr>\n<p>--><tr class=\"info\"><td>Adform<\/td><td>Ofrecer anuncios relacionados con intereses de b\u00fasqueda.<\/td><td>Terceros (Adform)<\/td><td>Un a\u00f1o a partir de la configuraci\u00f3n o actualizaci\u00f3n<\/td><\/tr><tr class=\"\"><td>MediaMath<\/td><td>Ofrecer anuncios relacionados con intereses de b\u00fasqueda.<\/td><td>Terceros (MediaMath)<\/td><td>Un a\u00f1o a partir de la configuraci\u00f3n o actualizaci\u00f3n<\/td><\/tr><\/tbody><\/table><\/div><h4>\u00a0<\/h4><h4>Consentimiento<\/h4><p>Podr\u00e1 prestar su consentimiento parcial o total, mediante la aceptaci\u00f3n de la instalaci\u00f3n de cookies a trav\u00e9s del banner informativo que se le mostr\u00f3 al acceder a nuestro sitio web, o mediante la configuraci\u00f3n de las cookies a trav\u00e9s del panel de configuraci\u00f3n.<\/p><h4>Revocaci\u00f3n del consentimiento<\/h4><p>En cualquier caso, le informamos de que, dado que determinadas \u201ccookies\u201d no son necesarias para el uso del Sitio Web, usted puede revocar su consentimiento para su uso desde el panel informativo que se muestra al acceder al sitio web, o bien en cualquier momento bloque\u00e1ndolos a trav\u00e9s de la configuraci\u00f3n de su navegador (v\u00e9anse m\u00e1s detalles abajo).<\/p><p>La pr\u00e1ctica mayor\u00eda de los navegadores permiten advertir de la presencia de \u201ccookies\u201d o rechazarlas autom\u00e1ticamente. Si las rechaza, podr\u00e1 seguir usando nuestro Sitio Web, aunque el uso de algunos de sus servicios podr\u00e1 ser limitado. No obstante, es preciso se\u00f1alar que si usa las configuraciones de su navegador para bloquear todas las tecnolog\u00edas de almacenamiento (incluidas \u201ccookies\u201d fundamentales) puede que no tenga acceso a la totalidad o parte de nuestro Sitio Web.<\/p><p>Tambi\u00e9n podr\u00e1 suprimir \u201ccookies\u201d en cualquier momento mediante las configuraciones de navegaci\u00f3n de su navegador.<\/p><p>Para m\u00e1s informaci\u00f3n sobre la forma de gestionar las \u201ccookies\u201d o de revocar el consentimiento para el uso de las mismas, le remitimos al enlace pertinente:<\/p><p><strong>Google Chrome:<\/strong> <a href=\"https:\/\/support.google.com\/chrome\/answer\/95647?hl=es\" target=\"_blank\" rel=\"noopener\">https:\/\/support.google.com\/chrome\/answer\/95647?hl=es<\/a><\/p><p><strong>Microsoft Edge:<\/strong> <a href=\"https:\/\/support.microsoft.com\/es-es\/microsoft-edge\/eliminar-las-cookies-en-microsoft-edge-63947406-40ac-c3b8-57b9-2a946a29ae09\" target=\"_blank\" rel=\"noopener\">https:\/\/support.microsoft.com\/es-es\/microsoft-edge\/eliminar-las-cookies-en-microsoft-edge-63947406-40ac-c3b8-57b9-2a946a29ae09<\/a><\/p><p><strong>Firefox:<\/strong> <a href=\"https:\/\/support.mozilla.org\/es\/kb\/habilitar-y-deshabilitar-cookies-sitios-web-rastrear-preferencias?redirectslug=habilitar-y-deshabilitar-cookies-que-los-sitios-we&amp;redirectlocale=es\" target=\"_blank\" rel=\"noopener\">https:\/\/support.mozilla.org\/es\/kb\/habilitar-y-deshabilitar-cookies-sitios-web-rastrear-preferencias?redirectslug=habilitar-y-deshabilitar-cookies-que-los-sitios-we&amp;redirectlocale=es<\/a><\/p><p><strong>Safari:<\/strong> <a href=\"https:\/\/support.apple.com\/es-es\/guide\/safari\/sfri11471\/mac\" target=\"_blank\" rel=\"noopener\">https:\/\/support.apple.com\/es-es\/guide\/safari\/sfri11471\/mac<\/a><\/p><p><strong>Opera:<\/strong> <a href=\"https:\/\/help.opera.com\/en\/latest\/web-preferences\/#cookies\" target=\"_blank\" rel=\"noopener\">https:\/\/help.opera.com\/en\/latest\/web-preferences\/#cookies<\/a><\/p>\t\t\t\t\t\t\t\t<\/div>\n\t\t\t\t<\/div>\n\t\t\t\t\t<\/div>\n\t\t\t\t<\/div>\n\t\t\t\t<\/div>\n\t\t","protected":false},"excerpt":{"rendered":"<p>Pol\u00edtica de cookies \u00bfQu\u00e9 son las cookies? Las cookies son peque\u00f1os ficheros de texto, los cuales son insertados de forma autom\u00e1tica en aquellos dispositivos telem\u00e1ticos empleados por el usuario cuando efect\u00faa una visita al sitio web. Estos archivos que se descargan pueden almacenar datos que podr\u00e1n ser actualizados y recuperados por la entidad responsable de [&hellip;]<\/p>\n","protected":false},"author":6,"featured_media":0,"parent":0,"menu_order":0,"comment_status":"closed","ping_status":"closed","template":"","meta":{"footnotes":""},"class_list":["post-3243","page","type-page","status-publish","hentry"],"aioseo_notices":[],"_links":{"self":[{"href":"https:\/\/trustlab.upct.es\/en\/wp-json\/wp\/v2\/pages\/3243","targetHints":{"allow":["GET"]}}],"collection":[{"href":"https:\/\/trustlab.upct.es\/en\/wp-json\/wp\/v2\/pages"}],"about":[{"href":"https:\/\/trustlab.upct.es\/en\/wp-json\/wp\/v2\/types\/page"}],"author":[{"embeddable":true,"href":"https:\/\/trustlab.upct.es\/en\/wp-json\/wp\/v2\/users\/6"}],"replies":[{"embeddable":true,"href":"https:\/\/trustlab.upct.es\/en\/wp-json\/wp\/v2\/comments?post=3243"}],"version-history":[{"count":1,"href":"https:\/\/trustlab.upct.es\/en\/wp-json\/wp\/v2\/pages\/3243\/revisions"}],"predecessor-version":[{"id":3248,"href":"https:\/\/trustlab.upct.es\/en\/wp-json\/wp\/v2\/pages\/3243\/revisions\/3248"}],"wp:attachment":[{"href":"https:\/\/trustlab.upct.es\/en\/wp-json\/wp\/v2\/media?parent=3243"}],"curies":[{"name":"wp","href":"https:\/\/api.w.org\/{rel}","templated":true}]}}