{"id":3241,"date":"2024-05-20T18:01:02","date_gmt":"2024-05-20T16:01:02","guid":{"rendered":"https:\/\/trustlab.upct.es\/aviso-legal\/"},"modified":"2025-09-19T11:03:11","modified_gmt":"2025-09-19T09:03:11","slug":"legal-notice","status":"publish","type":"page","link":"https:\/\/trustlab.upct.es\/en\/legal-notice\/","title":{"rendered":"Legal notice"},"content":{"rendered":"\t\t<div data-elementor-type=\"wp-page\" data-elementor-id=\"3241\" class=\"elementor elementor-3241 elementor-3\" data-elementor-post-type=\"page\">\n\t\t\t\t<div class=\"elementor-element elementor-element-f806cdb e-flex e-con-boxed rael-particle-no qodef-elementor-content-no e-con e-parent\" data-id=\"f806cdb\" data-element_type=\"container\" data-e-type=\"container\" data-settings=\"{&quot;rae_animations_entrance&quot;:&quot;none&quot;}\">\n\t\t\t\t\t<div class=\"e-con-inner\">\n\t\t\t\t<div class=\"elementor-element elementor-element-aa02abf elementor-widget elementor-widget-heading\" data-id=\"aa02abf\" data-element_type=\"widget\" data-e-type=\"widget\" data-widget_type=\"heading.default\">\n\t\t\t\t<div class=\"elementor-widget-container\">\n\t\t\t\t\t<h1 class=\"elementor-heading-title elementor-size-default\">Aviso Legal<\/h1>\t\t\t\t<\/div>\n\t\t\t\t<\/div>\n\t\t\t\t\t<\/div>\n\t\t\t\t<\/div>\n\t\t<div class=\"elementor-element elementor-element-6fc2be0 e-flex e-con-boxed rael-particle-no qodef-elementor-content-no e-con e-parent\" data-id=\"6fc2be0\" data-element_type=\"container\" data-e-type=\"container\" data-settings=\"{&quot;rae_animations_entrance&quot;:&quot;none&quot;}\">\n\t\t\t\t\t<div class=\"e-con-inner\">\n\t\t\t\t<div class=\"elementor-element elementor-element-c79cbdb elementor-widget elementor-widget-text-editor\" data-id=\"c79cbdb\" data-element_type=\"widget\" data-e-type=\"widget\" data-widget_type=\"text-editor.default\">\n\t\t\t\t<div class=\"elementor-widget-container\">\n\t\t\t\t\t\t\t\t\t<h4>Condiciones generales de uso<\/h4>\n<p><strong> 1. DATOS IDENTIFICATIVOS:<\/strong> En cumplimiento con el deber de informaci\u00f3n recogido en art\u00edculo 10 de la Ley 34\/2002, de 11 de julio, de Servicios de la Sociedad de la Informaci\u00f3n y del Comercio Electr\u00f3nico, la Universidad Polit\u00e9cnica de Cartagena con n\u00famero de CIF Q8050013E, es la titular del dominio de Internet upct.es y del sitio web www.upct.es, cuyos datos de contacto son:<\/p>\n<p>Rectorado de la Universidad Polit\u00e9cnica de Cartagena Plaza del Cronista Isidoro Valverde, Edif. La Milagrosa 30202 Cartagena<\/p>\n<p>N\u00famero de tel\u00e9fono: +34 968 32 54 00<\/p>\n<p><strong>2. USUARIOS:<\/strong> El acceso al sitio web <strong>www.upct.es<\/strong> implica sin reservas la aceptaci\u00f3n de las presentes condiciones generales de uso. El usuario se compromete a no utilizar el sitio web y los servicios que se ofrecen en el mismo para la realizaci\u00f3n de actividades contrarias a la ley y a respetar en todo momento las presentes condiciones generales.<\/p>\n<p><strong>3. CONDICIONES DE ACCESO Y USO:<\/strong> La utilizaci\u00f3n de este sitio web no conlleva la obligatoriedad de inscripci\u00f3n del usuario. Las condiciones de acceso y uso del presente sitio web se rigen estrictamente por la legalidad vigente y por el principio de buena fe comprometi\u00e9ndose el usuario a realizar un buen uso del sitio web. Quedan prohibidos todos los actos que vulneren la legalidad, derechos o intereses de terceros: derecho a la intimidad, protecci\u00f3n de datos, propiedad intelectual etc. Expresamente se proh\u00edbe los siguientes:<\/p>\n<p>a. Realizar acciones que puedan producir en el sitio web o a trav\u00e9s del mismo por cualquier medio cualquier tipo de da\u00f1o a los sistemas de la Universidad Polit\u00e9cnica de Cartagena o a los de terceros.<\/p>\n<p>b. Realizar sin la debida autorizaci\u00f3n cualquier tipo de publicidad o informaci\u00f3n comercial directamente o de forma encubierta, el env\u00edo de correos masivos o env\u00edo de grandes mensajes con el fin de bloquear servidores de la red.<\/p>\n<p>La Universidad Polit\u00e9cnica de Cartagena se reserva el derecho a emprender las acciones que considere oportunas contra aquel usuario que realice un uso contrario a la legalidad, la buena fe o a las presentes condiciones generales.<\/p>\n<p><strong>4. CONTENIDOS:<\/strong> Los contenidos de este sitio web tienen car\u00e1cter divulgativo y pretenden poner a disposici\u00f3n de cualquier persona interesada informaci\u00f3n de la Universidad. No obstante, es necesario se\u00f1alar que:<\/p>\n<ul>\n<li>La informaci\u00f3n ofrecida por el personal docente e investigador, en el ejercicio de sus funciones y al amparo de la libertad de c\u00e1tedra, ser\u00e1 responsabilidad exclusivamente suya y en ning\u00fan caso se les puede otorgar la consideraci\u00f3n de informaci\u00f3n oficial de la Universidad Polit\u00e9cnica de Cartagena.<\/li>\n<li>Los centros y departamentos de la Universidad Polit\u00e9cnica de Cartagena ser\u00e1n responsables de la veracidad y exactitud de la informaci\u00f3n que ofrezcan en los espacios destinados a dicho fin dentro del sitio web.<\/li>\n<li>En el caso de que se cediesen espacios dentro de este sitio web a terceras personas, entidades o instituciones ajenas a la Universidad, ser\u00e1n \u00e9stas las titulares de la informaci\u00f3n contenida en dichos espacios, limit\u00e1ndose la responsabilidad de la Universidad Polit\u00e9cnica de Cartagena a la que la Ley 34\/2002, de 11 de julio, de Servicios de la Sociedad de la Informaci\u00f3n le atribuye a los prestadores de servicios.<\/li>\n<\/ul>\n<p>\u00a0<\/p>\n<p><strong>5. EMPLEO DE COOKIES:<\/strong> La Universidad Polit\u00e9cnica de Cartagena podr\u00e1 utilizar cookies de sesi\u00f3n para facilitar la navegaci\u00f3n del usuario por el sitio web <strong>www.upct.es<\/strong> y su autenticaci\u00f3n en determinados servicios; adem\u00e1s tambi\u00e9n se podr\u00e1n usar cookies permanentes para registrar de forma totalmente an\u00f3nima anal\u00edticas de acceso a sus servicios. Dichas cookies no contendr\u00e1n informaci\u00f3n personal del usuario. Adem\u00e1s, los navegadores son configurables para que notifiquen y rechacen la instalaci\u00f3n de las cookies enviadas, sin que ello perjudique la posibilidad del usuario de acceder a los contenidos del sitio web de la Universidad Polit\u00e9cnica de Cartagena.<\/p>\n<p><a href=\"https:\/\/www.upct.es\/contenido\/barra_tareas\/politica_cookies.php\" target=\"_blank\" rel=\"noopener\">Sobre las cookies usadas en la UPCT.<\/a><\/p>\n<p><strong>6. ENLACES:<\/strong> En el supuesto de que en el sitio web <strong>www.upct.es<\/strong> existiesen enlaces hac\u00eda otros sitios de Internet, la Universidad Polit\u00e9cnica de Cartagena no tendr\u00e1 ning\u00fan tipo de control sobre dichos sitios y contenidos. La Universidad Polit\u00e9cnica de Cartagena no asumir\u00e1 ninguna responsabilidad por los contenidos de sitios web ajenos a la propia Universidad, ni garantizar\u00e1 su disponibilidad t\u00e9cnica, fiabilidad, veracidad o validez.<\/p>\n<p><strong>7. MODIFICACIONES:<\/strong> La Universidad Polit\u00e9cnica de Cartagena puede cambiar los contenidos que considere oportunos en su sitio web, modificando, eliminando o a\u00f1adiendo no s\u00f3lo los contenidos y servicios que se presten a trav\u00e9s del mismo, sino la forma de presentaci\u00f3n o la ubicaci\u00f3n de los mismos.<\/p>\n<p><strong>8. EXENCI\u00d3N DE RESPONSABILIDAD POR LOS CONTENIDOS:<\/strong> La Universidad Polit\u00e9cnica de Cartagena no se har\u00e1 responsable por los errores tipogr\u00e1ficos o falta de exactitud o actualizaci\u00f3n de la informaci\u00f3n que los contenidos propios o de terceras personas, entidades o instituciones ajenas, publicados en el sitio web <strong>www.upct.es<\/strong>, pudieran contener. En el caso de que se publicasen contenidos que vulneren los derechos de propiedad intelectual o industrial que pertenezcan a terceros; que violen los secretos empresariales de terceros; que puedan ser constitutivas de delito o vulneren la legalidad vigente; o que atenten contra los principios recogidos en el art\u00edculo 8 de la Ley 34\/2002, de 11 de julio, de Servicios de la Sociedad de la Informaci\u00f3n, la Universidad Polit\u00e9cnica de Cartagena cesar\u00e1 en la publicaci\u00f3n o retirar\u00e1 la informaci\u00f3n de las p\u00e1ginas web del sitio <strong>www.upct.es<\/strong>.<\/p>\n<p><strong>9. EXENCI\u00d3N DE RESPONSABILIDAD POR EL FUNCIONAMIENTO:<\/strong> La Universidad Polit\u00e9cnica de Cartagena no se har\u00e1 responsable en los casos en que no sea posible el acceso al sitio web www.upct.es por mal funcionamiento del sitio o de cualquiera de sus servicios a causa de fuerza mayor o circunstancias accidentales, en los supuestos de paradas de mantenimiento, o en cualquier otro caso no imputable a la Universidad. Asimismo, no se har\u00e1 responsable por los posibles da\u00f1os causados por virus inform\u00e1ticos o programas maliciosos, cuya ausencia no se puede garantizar, aunque se adoptar\u00e1n las medidas t\u00e9cnicas necesarias para evitarlos.<\/p>\n<p><strong>10. PROTECCI\u00d3N DE DATOS DE CAR\u00c1CTER PERSONAL:<\/strong> La Universidad Polit\u00e9cnica de Cartagena aplicar\u00e1 las medidas t\u00e9cnicas y organizativas apropiadas para garantizar un nivel de seguridad adecuado al riesgo, en cumplimiento del Reglamento (UE) 2016\/679 del Parlamento Europeo y del Consejo de 27 de abril de 2016 relativo a la protecci\u00f3n de las personas f\u00edsicas en lo que respecta al tratamiento de datos personales.<\/p>\n<p><a href=\"https:\/\/www.upct.es\/contenido\/universidad\/proteccion_datos_personal\/\" target=\"_blank\" rel=\"noopener\">Sobre la Protecci\u00f3n de datos en la UPCT<\/a><\/p>\n<p><strong>11. DERECHOS DE AUTOR Y MARCA:<\/strong> La Universidad Polit\u00e9cnica de Cartagena es una marca registrada. Queda prohibida la utilizaci\u00f3n ajena por cualquier medio de la marca de la Universidad Polit\u00e9cnica de Cartagena, que incluye tanto el nombre como el logotipo, salvo consentimiento expreso de la Universidad. Quedan reservados todos los derechos. Adem\u00e1s, el sitio web de la Universidad Polit\u00e9cnica de Cartagena -los contenidos propios, la programaci\u00f3n y el dise\u00f1o del sitio web- se encuentra plenamente protegido por los derechos de autor, quedando expresamente prohibida toda reproducci\u00f3n, comunicaci\u00f3n, distribuci\u00f3n y transformaci\u00f3n de los referidos elementos protegidos salvo consentimiento expreso de la Universidad.<\/p>\n<p><strong>12. MODIFICACI\u00d3N DE LAS PRESENTES CONDICIONES Y DURACI\u00d3N:<\/strong> La Universidad Polit\u00e9cnica de Cartagena podr\u00e1 modificar en cualquier momento estas condiciones generales de uso. La vigencia de las citadas condiciones ir\u00e1 en funci\u00f3n de su exposici\u00f3n y estar\u00e1n vigentes hasta que sean modificadas por otras debidamente publicadas.<\/p>\n<p><strong>13. LEGISLACI\u00d3N APLICABLE Y JURISDICCI\u00d3N:<\/strong> Las presentes condiciones generales se rigen por la legislaci\u00f3n espa\u00f1ola. Son competentes para resolver toda controversia o conflicto que se derive de las presentes condiciones generales los juzgados de la ciudad de Cartagena.<\/p>\t\t\t\t\t\t\t\t<\/div>\n\t\t\t\t<\/div>\n\t\t\t\t\t<\/div>\n\t\t\t\t<\/div>\n\t\t\t\t<\/div>\n\t\t","protected":false},"excerpt":{"rendered":"<p>Aviso Legal Condiciones generales de uso 1. DATOS IDENTIFICATIVOS: En cumplimiento con el deber de informaci\u00f3n recogido en art\u00edculo 10 de la Ley 34\/2002, de 11 de julio, de Servicios de la Sociedad de la Informaci\u00f3n y del Comercio Electr\u00f3nico, la Universidad Polit\u00e9cnica de Cartagena con n\u00famero de CIF Q8050013E, es la titular del dominio [&hellip;]<\/p>\n","protected":false},"author":6,"featured_media":0,"parent":0,"menu_order":0,"comment_status":"closed","ping_status":"closed","template":"","meta":{"footnotes":""},"class_list":["post-3241","page","type-page","status-publish","hentry"],"aioseo_notices":[],"_links":{"self":[{"href":"https:\/\/trustlab.upct.es\/en\/wp-json\/wp\/v2\/pages\/3241","targetHints":{"allow":["GET"]}}],"collection":[{"href":"https:\/\/trustlab.upct.es\/en\/wp-json\/wp\/v2\/pages"}],"about":[{"href":"https:\/\/trustlab.upct.es\/en\/wp-json\/wp\/v2\/types\/page"}],"author":[{"embeddable":true,"href":"https:\/\/trustlab.upct.es\/en\/wp-json\/wp\/v2\/users\/6"}],"replies":[{"embeddable":true,"href":"https:\/\/trustlab.upct.es\/en\/wp-json\/wp\/v2\/comments?post=3241"}],"version-history":[{"count":2,"href":"https:\/\/trustlab.upct.es\/en\/wp-json\/wp\/v2\/pages\/3241\/revisions"}],"predecessor-version":[{"id":3247,"href":"https:\/\/trustlab.upct.es\/en\/wp-json\/wp\/v2\/pages\/3241\/revisions\/3247"}],"wp:attachment":[{"href":"https:\/\/trustlab.upct.es\/en\/wp-json\/wp\/v2\/media?parent=3241"}],"curies":[{"name":"wp","href":"https:\/\/api.w.org\/{rel}","templated":true}]}}